{"id":53,"date":"2021-01-09T21:49:04","date_gmt":"2021-01-09T20:49:04","guid":{"rendered":"https:\/\/buecher-leseecke.de\/?page_id=53"},"modified":"2021-01-09T22:04:39","modified_gmt":"2021-01-09T21:04:39","slug":"yokos-buecherwelt","status":"publish","type":"page","link":"https:\/\/buecher-leseecke.de\/?page_id=53","title":{"rendered":"Yoko\u00b4s B\u00fccherwelt"},"content":{"rendered":"\n<p style=\"font-size:25px\">Dies hier ist die Seite von Yoko Namika aka. Katrin, hier entf\u00fchrt sie euch in ihre B\u00fccherwelt die reicht von Kinderb\u00fcchern \u00fcber Krimis bis hin zu jedem erdenklichem Genre&#8230;<\/p>\n\n\n\n<p><\/p>\n\n\n\n<p><a href=\"https:\/\/autorin-yokonamika.de\/\">https:\/\/autorin-yokonamika.de\/<\/a><\/p>\n","protected":false},"excerpt":{"rendered":"<p>Dies hier ist die Seite von Yoko Namika aka. Katrin, hier entf\u00fchrt sie euch in ihre B\u00fccherwelt die reicht von Kinderb\u00fcchern \u00fcber Krimis bis hin [&#8230;]<\/p>\n","protected":false},"author":1,"featured_media":0,"parent":0,"menu_order":0,"comment_status":"closed","ping_status":"closed","template":"","meta":{"footnotes":""},"class_list":["post-53","page","type-page","status-publish","hentry"],"_links":{"self":[{"href":"https:\/\/buecher-leseecke.de\/index.php?rest_route=\/wp\/v2\/pages\/53","targetHints":{"allow":["GET"]}}],"collection":[{"href":"https:\/\/buecher-leseecke.de\/index.php?rest_route=\/wp\/v2\/pages"}],"about":[{"href":"https:\/\/buecher-leseecke.de\/index.php?rest_route=\/wp\/v2\/types\/page"}],"author":[{"embeddable":true,"href":"https:\/\/buecher-leseecke.de\/index.php?rest_route=\/wp\/v2\/users\/1"}],"replies":[{"embeddable":true,"href":"https:\/\/buecher-leseecke.de\/index.php?rest_route=%2Fwp%2Fv2%2Fcomments&post=53"}],"version-history":[{"count":3,"href":"https:\/\/buecher-leseecke.de\/index.php?rest_route=\/wp\/v2\/pages\/53\/revisions"}],"predecessor-version":[{"id":74,"href":"https:\/\/buecher-leseecke.de\/index.php?rest_route=\/wp\/v2\/pages\/53\/revisions\/74"}],"wp:attachment":[{"href":"https:\/\/buecher-leseecke.de\/index.php?rest_route=%2Fwp%2Fv2%2Fmedia&parent=53"}],"curies":[{"name":"wp","href":"https:\/\/api.w.org\/{rel}","templated":true}]}}